{"id":6542,"date":"2024-02-05T12:46:26","date_gmt":"2024-02-05T11:46:26","guid":{"rendered":"http:\/\/voixmachine.com\/?page_id=6542"},"modified":"2024-03-04T14:46:40","modified_gmt":"2024-03-04T13:46:40","slug":"qui-nous-sommes","status":"publish","type":"page","link":"https:\/\/voixmachine.com\/?page_id=6542","title":{"rendered":"QUI NOUS SOMMES"},"content":{"rendered":"\t\t<div data-elementor-type=\"wp-page\" data-elementor-id=\"6542\" class=\"elementor elementor-6542\">\n\t\t\t\t<div class=\"elementor-element elementor-element-db66612 e-flex e-con-boxed e-con e-parent\" data-id=\"db66612\" data-element_type=\"container\" data-e-type=\"container\">\n\t\t\t\t\t<div class=\"e-con-inner\">\n\t\t\t\t<div class=\"elementor-element elementor-element-60955bc elementor-widget elementor-widget-heading\" data-id=\"60955bc\" data-element_type=\"widget\" data-e-type=\"widget\" data-widget_type=\"heading.default\">\n\t\t\t\t<div class=\"elementor-widget-container\">\n\t\t\t\t\t<h2 class=\"elementor-heading-title elementor-size-default\">QUI NOUS SOMMES<\/h2>\t\t\t\t<\/div>\n\t\t\t\t<\/div>\n\t\t\t\t\t<\/div>\n\t\t\t\t<\/div>\n\t\t<div class=\"elementor-element elementor-element-8efc7f3 e-flex e-con-boxed e-con e-parent\" data-id=\"8efc7f3\" data-element_type=\"container\" data-e-type=\"container\">\n\t\t\t\t\t<div class=\"e-con-inner\">\n\t\t\t\t<div class=\"elementor-element elementor-element-374a323 elementor-widget elementor-widget-text-editor\" data-id=\"374a323\" data-element_type=\"widget\" data-e-type=\"widget\" data-widget_type=\"text-editor.default\">\n\t\t\t\t<div class=\"elementor-widget-container\">\n\t\t\t\t\t\t\t\t\t<p><span style=\"font-weight: 400;\">Bienvenue chez Voix Machine, un collectif passionn\u00e9 fond\u00e9 en 2017, anim\u00e9 par la volont\u00e9 de tisser des liens sociaux \u00e0 travers le partage de savoirs, la cr\u00e9ation d\u2019une culture et de pratiques. Notre lieu, ouvert \u00e0 tous, est un espace d\u00e9di\u00e9 \u00e0 l&rsquo;\u00e9change, o\u00f9 du mat\u00e9riel divers est mis \u00e0 disposition. Cette mise \u00e0 disposition est accompagn\u00e9e par des formations et ateliers en lien avec la pratique choisie. Tout cela fonctionne sur le principe de don contre don.<\/span><\/p><p><span style=\"font-weight: 400;\">Au c\u0153ur de notre b\u00e2timent, d\u00e9couvrez une r\u00e9sidence d&rsquo;artiste au premier \u00e9tage servant de laboratoire cr\u00e9atif, favorisant les \u00e9changes interdisciplinaires. Au rez-de-chauss\u00e9e, une galerie accueille des expositions en lien avec les th\u00e9matiques choisies pour le mois. Nous mettons des annonces sur notre site pour que de jeunes artistes, n\u2019ayant pas assez de visibilit\u00e9, puissent y exposer leur travail et b\u00e9n\u00e9ficier d\u2019un accompagnement.\u00a0\u00a0<\/span><\/p><p><span style=\"font-weight: 400;\">Dans notre espace ext\u00e9rieur se trouve un jardin verdoyant o\u00f9 nous invitons les habitants du quartier \u00e0 venir planter et r\u00e9colter des herbes. Cela permet de cr\u00e9er un espace vert favorisant la convivialit\u00e9 et le d\u00e9veloppement du lieu de mani\u00e8re collective. Cet espace s&rsquo;accompagne d&rsquo;un bar, et d&rsquo;un four \u00e0 pizza qui accompagne nos \u00e9v\u00e9nements. Tout s\u2019articule pour que le lieu accueille les habitants du quartier de A \u00e0 Z.\u00a0<\/span><\/p><p><span style=\"font-weight: 400;\">Le cin\u00e9ma trouve \u00e9galement sa place dans notre collectif, avec un syst\u00e8me de projection qui diffuse des courts et longs m\u00e9trages align\u00e9s sur des th\u00e9matiques s\u00e9lectionn\u00e9es, entra\u00eenant une r\u00e9flexion et des d\u00e9bats anim\u00e9s.\u00a0<\/span><\/p><p><span style=\"font-weight: 400;\">Mais Voix Machine ne se limite pas \u00e0 ses murs. Au-del\u00e0 du b\u00e2timent, nous donnons vie \u00e0 des web-documentaires immersifs nous offrant une vision des r\u00e9alit\u00e9s souvent m\u00e9connue.\u00a0<\/span><\/p><p><span style=\"font-weight: 400;\">Dans le m\u00eame esprit, d\u00e9couvrez \u00e9galement l\u2019extension de Voix Machine\u00a0 : l\u2019\u00e9mission de radio \u201c Voix du ch\u00e2teau\u201d \u00e0 Montreuil dans les quartiers de Bel-air grand p\u00e9ch\u00e9 qui compose et enregistre des balades sonores. Gr\u00e2ce \u00e0 l\u2019utilisation d&rsquo;outils d\u2019enregistrements originaux leurs productions m\u00ealant souvenirs et t\u00e9moignages d\u2019habitants transforment les rues et les quartiers populaires en terrain de jeu d\u2019expression artistique et sociale. Notre travail ne s\u2019arr\u00eate pas \u00e0 la production, vous pourrez les retrouver sur les plus grandes plateformes de streaming audio comme spotify, deezer, google podcast etc.\u00a0<\/span><\/p><p><span style=\"font-weight: 400;\">Au c\u0153ur de nos divers projets r\u00e9side l\u2019ambition de faire ensemble, valoriser la parole de ceux que l\u2019on entend pas assez. Ensemble, nous mettons en place des modes d\u2019actions pour tenter de transformer les situations de chacun en se donnant les moyens de comprendre le monde pour se faire une place.\u00a0<\/span><\/p><p><span style=\"font-weight: 400;\">\u00a0<\/span><span style=\"font-weight: 400;\">Ainsi, Voix Machine se construit briques par briques gr\u00e2ce \u00e0 la communaut\u00e9 qu\u2019il rassemble<\/span><\/p>\t\t\t\t\t\t\t\t<\/div>\n\t\t\t\t<\/div>\n\t\t\t\t\t<\/div>\n\t\t\t\t<\/div>\n\t\t<div class=\"elementor-element elementor-element-be6a833 e-flex e-con-boxed e-con e-parent\" data-id=\"be6a833\" data-element_type=\"container\" data-e-type=\"container\">\n\t\t\t\t\t<div class=\"e-con-inner\">\n\t\t\t\t<div class=\"elementor-element elementor-element-09e89be elementor-widget elementor-widget-heading\" data-id=\"09e89be\" data-element_type=\"widget\" data-e-type=\"widget\" data-widget_type=\"heading.default\">\n\t\t\t\t<div class=\"elementor-widget-container\">\n\t\t\t\t\t<h2 class=\"elementor-heading-title elementor-size-default\">ENTREZ DANS LA MACHINE !<\/h2>\t\t\t\t<\/div>\n\t\t\t\t<\/div>\n\t\t\t\t\t<\/div>\n\t\t\t\t<\/div>\n\t\t<div class=\"elementor-element elementor-element-0316eaf e-flex e-con-boxed e-con e-parent\" data-id=\"0316eaf\" data-element_type=\"container\" data-e-type=\"container\">\n\t\t\t\t\t<div class=\"e-con-inner\">\n\t\t\t\t<div class=\"elementor-element elementor-element-6b6326b elementor-widget elementor-widget-spacer\" data-id=\"6b6326b\" data-element_type=\"widget\" data-e-type=\"widget\" data-widget_type=\"spacer.default\">\n\t\t\t\t<div class=\"elementor-widget-container\">\n\t\t\t\t\t\t\t<div class=\"elementor-spacer\">\n\t\t\t<div class=\"elementor-spacer-inner\"><\/div>\n\t\t<\/div>\n\t\t\t\t\t\t<\/div>\n\t\t\t\t<\/div>\n\t\t\t\t\t<\/div>\n\t\t\t\t<\/div>\n\t\t\t\t<\/div>\n\t\t","protected":false},"excerpt":{"rendered":"<p>QUI NOUS SOMMES Bienvenue chez Voix Machine, un collectif passionn\u00e9 fond\u00e9 en 2017, anim\u00e9 par la volont\u00e9 de tisser des liens sociaux \u00e0 travers le partage de savoirs, la cr\u00e9ation d\u2019une culture et de pratiques. Notre lieu, ouvert \u00e0 tous, est un espace d\u00e9di\u00e9 \u00e0 l&rsquo;\u00e9change, o\u00f9 du mat\u00e9riel divers est mis \u00e0 disposition. Cette [&hellip;]<\/p>\n","protected":false},"author":1,"featured_media":0,"parent":0,"menu_order":0,"comment_status":"closed","ping_status":"closed","template":"","meta":{"footnotes":""},"class_list":["post-6542","page","type-page","status-publish","hentry"],"_links":{"self":[{"href":"https:\/\/voixmachine.com\/index.php?rest_route=\/wp\/v2\/pages\/6542","targetHints":{"allow":["GET"]}}],"collection":[{"href":"https:\/\/voixmachine.com\/index.php?rest_route=\/wp\/v2\/pages"}],"about":[{"href":"https:\/\/voixmachine.com\/index.php?rest_route=\/wp\/v2\/types\/page"}],"author":[{"embeddable":true,"href":"https:\/\/voixmachine.com\/index.php?rest_route=\/wp\/v2\/users\/1"}],"replies":[{"embeddable":true,"href":"https:\/\/voixmachine.com\/index.php?rest_route=%2Fwp%2Fv2%2Fcomments&post=6542"}],"version-history":[{"count":56,"href":"https:\/\/voixmachine.com\/index.php?rest_route=\/wp\/v2\/pages\/6542\/revisions"}],"predecessor-version":[{"id":7046,"href":"https:\/\/voixmachine.com\/index.php?rest_route=\/wp\/v2\/pages\/6542\/revisions\/7046"}],"wp:attachment":[{"href":"https:\/\/voixmachine.com\/index.php?rest_route=%2Fwp%2Fv2%2Fmedia&parent=6542"}],"curies":[{"name":"wp","href":"https:\/\/api.w.org\/{rel}","templated":true}]}}