{"id":64,"date":"2019-09-13T16:43:40","date_gmt":"2019-09-13T14:43:40","guid":{"rendered":"http:\/\/voixmachine.com\/?page_id=64"},"modified":"2024-03-04T18:35:35","modified_gmt":"2024-03-04T17:35:35","slug":"equipe","status":"publish","type":"page","link":"https:\/\/voixmachine.com\/?page_id=64","title":{"rendered":"CONTACT &#038; \u00c9QUIPE"},"content":{"rendered":"\t\t<div data-elementor-type=\"wp-page\" data-elementor-id=\"64\" class=\"elementor elementor-64\">\n\t\t\t\t<div class=\"elementor-element elementor-element-c4cfb40 e-flex e-con-boxed e-con e-parent\" data-id=\"c4cfb40\" data-element_type=\"container\" data-e-type=\"container\">\n\t\t\t\t\t<div class=\"e-con-inner\">\n\t\t\t\t<div class=\"elementor-element elementor-element-cdf8f6b elementor-widget elementor-widget-spacer\" data-id=\"cdf8f6b\" data-element_type=\"widget\" data-e-type=\"widget\" data-widget_type=\"spacer.default\">\n\t\t\t\t<div class=\"elementor-widget-container\">\n\t\t\t\t\t\t\t<div class=\"elementor-spacer\">\n\t\t\t<div class=\"elementor-spacer-inner\"><\/div>\n\t\t<\/div>\n\t\t\t\t\t\t<\/div>\n\t\t\t\t<\/div>\n\t\t\t\t\t<\/div>\n\t\t\t\t<\/div>\n\t\t<div class=\"elementor-element elementor-element-5afb0f8 e-flex e-con-boxed e-con e-parent\" data-id=\"5afb0f8\" data-element_type=\"container\" data-e-type=\"container\">\n\t\t\t\t\t<div class=\"e-con-inner\">\n\t\t\t\t<div class=\"elementor-element elementor-element-9a42b95 elementor-widget elementor-widget-heading\" data-id=\"9a42b95\" data-element_type=\"widget\" data-e-type=\"widget\" data-widget_type=\"heading.default\">\n\t\t\t\t<div class=\"elementor-widget-container\">\n\t\t\t\t\t<h1 class=\"elementor-heading-title elementor-size-default\">L'\u00c9QUIPE<\/h1>\t\t\t\t<\/div>\n\t\t\t\t<\/div>\n\t\t\t\t\t<\/div>\n\t\t\t\t<\/div>\n\t\t<div class=\"elementor-element elementor-element-48ea5a4 e-flex e-con-boxed e-con e-parent\" data-id=\"48ea5a4\" data-element_type=\"container\" data-e-type=\"container\">\n\t\t\t\t\t<div class=\"e-con-inner\">\n\t\t\t\t<div class=\"elementor-element elementor-element-223165e elementor-widget elementor-widget-spacer\" data-id=\"223165e\" data-element_type=\"widget\" data-e-type=\"widget\" data-widget_type=\"spacer.default\">\n\t\t\t\t<div class=\"elementor-widget-container\">\n\t\t\t\t\t\t\t<div class=\"elementor-spacer\">\n\t\t\t<div class=\"elementor-spacer-inner\"><\/div>\n\t\t<\/div>\n\t\t\t\t\t\t<\/div>\n\t\t\t\t<\/div>\n\t\t\t\t\t<\/div>\n\t\t\t\t<\/div>\n\t\t<div class=\"elementor-element elementor-element-6aeab86 e-flex e-con-boxed e-con e-parent\" data-id=\"6aeab86\" data-element_type=\"container\" data-e-type=\"container\">\n\t\t\t\t\t<div class=\"e-con-inner\">\n\t\t\t\t<div class=\"elementor-element elementor-element-31bd800 elementor-widget elementor-widget-image\" data-id=\"31bd800\" data-element_type=\"widget\" data-e-type=\"widget\" data-widget_type=\"image.default\">\n\t\t\t\t<div class=\"elementor-widget-container\">\n\t\t\t\t\t\t\t\t\t\t\t\t\t\t\t<img fetchpriority=\"high\" decoding=\"async\" width=\"1024\" height=\"683\" src=\"https:\/\/voixmachine.com\/wp-content\/uploads\/2024\/02\/monti-NB-1-1024x683.jpg\" class=\"attachment-large size-large wp-image-6636\" alt=\"\" srcset=\"https:\/\/voixmachine.com\/wp-content\/uploads\/2024\/02\/monti-NB-1-1024x683.jpg 1024w, https:\/\/voixmachine.com\/wp-content\/uploads\/2024\/02\/monti-NB-1-300x200.jpg 300w, https:\/\/voixmachine.com\/wp-content\/uploads\/2024\/02\/monti-NB-1-768x512.jpg 768w, https:\/\/voixmachine.com\/wp-content\/uploads\/2024\/02\/monti-NB-1-1536x1024.jpg 1536w, https:\/\/voixmachine.com\/wp-content\/uploads\/2024\/02\/monti-NB-1-2048x1365.jpg 2048w\" sizes=\"(max-width: 1024px) 100vw, 1024px\" \/>\t\t\t\t\t\t\t\t\t\t\t\t\t\t\t<\/div>\n\t\t\t\t<\/div>\n\t\t\t\t\t<\/div>\n\t\t\t\t<\/div>\n\t\t<div class=\"elementor-element elementor-element-35e5a3d e-flex e-con-boxed e-con e-parent\" data-id=\"35e5a3d\" data-element_type=\"container\" data-e-type=\"container\">\n\t\t\t\t\t<div class=\"e-con-inner\">\n\t\t\t\t<div class=\"elementor-element elementor-element-2e54811 elementor-widget elementor-widget-text-editor\" data-id=\"2e54811\" data-element_type=\"widget\" data-e-type=\"widget\" data-widget_type=\"text-editor.default\">\n\t\t\t\t<div class=\"elementor-widget-container\">\n\t\t\t\t\t\t\t\t\t<h2><b>Andr\u00e9s MONTALVAN<\/b><b>\u00a0<\/b><\/h2><p>Artiste cubain, est dipl\u00f4m\u00e9 de l\u2019acad\u00e9mie des Beaux-Arts de San Alejandro, en sculpture et dessin en 1985 et Il a \u00e9galement \u00e9tudi\u00e9 \u00e0 l&rsquo;Instituto Superior de Arte (ISA) \u00e0 Cuba. a travaill\u00e9 comme professeur de dessin et de sculpture dans des \u00e9coles d&rsquo;art \u00e0 Cuba et a pr\u00e9sent\u00e9 son travail dans des expositions personnelles \u00ab La puerta del esp\u00edritu \u00bb(Laport de l\u2019esprit) 1995, La havane Cuba, \u00ab Los cimientos del alma\u00bb Les fondements de l&rsquo;\u00e2me) 1997 La havane Cuba, entre autres, et ainsi que dans des expositions collectives \u00ab El pasado mio\u00bb(My own past) 2022 USA, \u00ab Black a white \u00bb, R\u00e9publique Dominicaine 2024.\u00a0<\/p><p>En 2001, il s&rsquo;installe en France o\u00f9 il poursuit sa production artistique sans rompre ses liens avec Cuba o\u00f9 il retourne souvent pour exposer et produire.\u00a0<\/p><p>Les \u0153uvres qu\u2019il r\u00e9alise naissent de l&rsquo;appr\u00e9hension de la vie et des \u00e9l\u00e9ments qui l\u2019environnent : filtrer l\u2019\u00e9v\u00e9nement, saisir l&#8217;empreinte de l&rsquo;existence, l&rsquo;exp\u00e9rience individuelle, la m\u00e9moire et les traces du temps, exprimer les ambivalences et les antagonismes. C\u2019est l\u2019image de l\u2019enclume qui repr\u00e9sente le mieux cette d\u00e9marche.\u00a0\u00a0<\/p><p>Dans son travail le contact avec bois \u00e9tait sa premi\u00e8re vraie rencontre avec la sculpture, apr\u00e8s le m\u00e9tal, du ciment, de l&rsquo;argile, bronze, r\u00e9sine polyester, les mat\u00e9riaux sont d&rsquo;une importance fondamentale. Proche des mat\u00e9riaux qu\u2019il emploie, il joue avec leur alt\u00e9ration caus\u00e9e par les empreintes du temps et aime que ses pi\u00e8ces se transforment au fil des ann\u00e9es.<\/p>\t\t\t\t\t\t\t\t<\/div>\n\t\t\t\t<\/div>\n\t\t\t\t\t<\/div>\n\t\t\t\t<\/div>\n\t\t<div class=\"elementor-element elementor-element-6127af8 e-flex e-con-boxed e-con e-parent\" data-id=\"6127af8\" data-element_type=\"container\" data-e-type=\"container\">\n\t\t\t\t\t<div class=\"e-con-inner\">\n\t\t\t\t<div class=\"elementor-element elementor-element-e648300 elementor-widget elementor-widget-spacer\" data-id=\"e648300\" data-element_type=\"widget\" data-e-type=\"widget\" data-widget_type=\"spacer.default\">\n\t\t\t\t<div class=\"elementor-widget-container\">\n\t\t\t\t\t\t\t<div class=\"elementor-spacer\">\n\t\t\t<div class=\"elementor-spacer-inner\"><\/div>\n\t\t<\/div>\n\t\t\t\t\t\t<\/div>\n\t\t\t\t<\/div>\n\t\t\t\t\t<\/div>\n\t\t\t\t<\/div>\n\t\t<div class=\"elementor-element elementor-element-98cd56f e-flex e-con-boxed e-con e-parent\" data-id=\"98cd56f\" data-element_type=\"container\" data-e-type=\"container\">\n\t\t\t\t\t<div class=\"e-con-inner\">\n\t\t\t\t<div class=\"elementor-element elementor-element-fef6173 elementor-widget elementor-widget-image\" data-id=\"fef6173\" data-element_type=\"widget\" data-e-type=\"widget\" data-widget_type=\"image.default\">\n\t\t\t\t<div class=\"elementor-widget-container\">\n\t\t\t\t\t\t\t\t\t\t\t\t\t\t\t<img decoding=\"async\" width=\"1024\" height=\"683\" src=\"https:\/\/voixmachine.com\/wp-content\/uploads\/2024\/02\/WhatsApp-Image-2023-12-17-at-19.58.442-2-1024x683.jpg\" class=\"attachment-large size-large wp-image-6684\" alt=\"\" srcset=\"https:\/\/voixmachine.com\/wp-content\/uploads\/2024\/02\/WhatsApp-Image-2023-12-17-at-19.58.442-2-1024x683.jpg 1024w, https:\/\/voixmachine.com\/wp-content\/uploads\/2024\/02\/WhatsApp-Image-2023-12-17-at-19.58.442-2-300x200.jpg 300w, https:\/\/voixmachine.com\/wp-content\/uploads\/2024\/02\/WhatsApp-Image-2023-12-17-at-19.58.442-2-768x512.jpg 768w, https:\/\/voixmachine.com\/wp-content\/uploads\/2024\/02\/WhatsApp-Image-2023-12-17-at-19.58.442-2-1536x1024.jpg 1536w, https:\/\/voixmachine.com\/wp-content\/uploads\/2024\/02\/WhatsApp-Image-2023-12-17-at-19.58.442-2-2048x1365.jpg 2048w\" sizes=\"(max-width: 1024px) 100vw, 1024px\" \/>\t\t\t\t\t\t\t\t\t\t\t\t\t\t\t<\/div>\n\t\t\t\t<\/div>\n\t\t\t\t\t<\/div>\n\t\t\t\t<\/div>\n\t\t<div class=\"elementor-element elementor-element-0639bcc e-flex e-con-boxed e-con e-parent\" data-id=\"0639bcc\" data-element_type=\"container\" data-e-type=\"container\">\n\t\t\t\t\t<div class=\"e-con-inner\">\n\t\t\t\t<div class=\"elementor-element elementor-element-58bbe25 elementor-widget elementor-widget-text-editor\" data-id=\"58bbe25\" data-element_type=\"widget\" data-e-type=\"widget\" data-widget_type=\"text-editor.default\">\n\t\t\t\t<div class=\"elementor-widget-container\">\n\t\t\t\t\t\t\t\t\t<h2 style=\"text-align: right;\"><strong>Vladimir CRUELLS<\/strong><\/h2><div><strong>\u00a0<\/strong><\/div><div><strong>\u00a0<\/strong><\/div><div><strong>\u00a0<\/strong><\/div><div><strong>\u00a0<\/strong><\/div><div><strong>\u00a0<\/strong><\/div><div><strong>\u00a0<\/strong><\/div><div><strong>\u00a0<\/strong><\/div><div><strong>\u00a0<\/strong><\/div><div><strong>\u00a0<\/strong><\/div><div><strong>\u00a0<\/strong><\/div><div><strong>\u00a0<\/strong><\/div><div>\u00a0<\/div>\t\t\t\t\t\t\t\t<\/div>\n\t\t\t\t<\/div>\n\t\t\t\t\t<\/div>\n\t\t\t\t<\/div>\n\t\t<div class=\"elementor-element elementor-element-3de9d6e e-flex e-con-boxed e-con e-parent\" data-id=\"3de9d6e\" data-element_type=\"container\" data-e-type=\"container\">\n\t\t\t\t\t<div class=\"e-con-inner\">\n\t\t\t\t<div class=\"elementor-element elementor-element-4ea1799 elementor-widget elementor-widget-spacer\" data-id=\"4ea1799\" data-element_type=\"widget\" data-e-type=\"widget\" data-widget_type=\"spacer.default\">\n\t\t\t\t<div class=\"elementor-widget-container\">\n\t\t\t\t\t\t\t<div class=\"elementor-spacer\">\n\t\t\t<div class=\"elementor-spacer-inner\"><\/div>\n\t\t<\/div>\n\t\t\t\t\t\t<\/div>\n\t\t\t\t<\/div>\n\t\t\t\t\t<\/div>\n\t\t\t\t<\/div>\n\t\t<div class=\"elementor-element elementor-element-6f879dc e-flex e-con-boxed e-con e-parent\" data-id=\"6f879dc\" data-element_type=\"container\" data-e-type=\"container\">\n\t\t\t\t\t<div class=\"e-con-inner\">\n\t\t\t\t<div class=\"elementor-element elementor-element-4df7057 elementor-widget elementor-widget-image\" data-id=\"4df7057\" data-element_type=\"widget\" data-e-type=\"widget\" data-widget_type=\"image.default\">\n\t\t\t\t<div class=\"elementor-widget-container\">\n\t\t\t\t\t\t\t\t\t\t\t\t\t\t\t<img decoding=\"async\" width=\"1024\" height=\"638\" src=\"https:\/\/voixmachine.com\/wp-content\/uploads\/2024\/02\/Photo-Jenny-Bio-4-copie-2-1024x638.jpg\" class=\"attachment-large size-large wp-image-6634\" alt=\"\" srcset=\"https:\/\/voixmachine.com\/wp-content\/uploads\/2024\/02\/Photo-Jenny-Bio-4-copie-2-1024x638.jpg 1024w, https:\/\/voixmachine.com\/wp-content\/uploads\/2024\/02\/Photo-Jenny-Bio-4-copie-2-300x187.jpg 300w, https:\/\/voixmachine.com\/wp-content\/uploads\/2024\/02\/Photo-Jenny-Bio-4-copie-2-768x478.jpg 768w, https:\/\/voixmachine.com\/wp-content\/uploads\/2024\/02\/Photo-Jenny-Bio-4-copie-2-1536x956.jpg 1536w, https:\/\/voixmachine.com\/wp-content\/uploads\/2024\/02\/Photo-Jenny-Bio-4-copie-2-2048x1275.jpg 2048w\" sizes=\"(max-width: 1024px) 100vw, 1024px\" \/>\t\t\t\t\t\t\t\t\t\t\t\t\t\t\t<\/div>\n\t\t\t\t<\/div>\n\t\t\t\t\t<\/div>\n\t\t\t\t<\/div>\n\t\t<div class=\"elementor-element elementor-element-6cd75a6 e-flex e-con-boxed e-con e-parent\" data-id=\"6cd75a6\" data-element_type=\"container\" data-e-type=\"container\">\n\t\t\t\t\t<div class=\"e-con-inner\">\n\t\t\t\t<div class=\"elementor-element elementor-element-a1ad497 elementor-widget elementor-widget-text-editor\" data-id=\"a1ad497\" data-element_type=\"widget\" data-e-type=\"widget\" data-widget_type=\"text-editor.default\">\n\t\t\t\t<div class=\"elementor-widget-container\">\n\t\t\t\t\t\t\t\t\t<h2><strong>Jenny RODRIGUEZ<\/strong><\/h2><p><b>Designeuse, artiste textile, f\u00e9ministe. Formation dans le domaine du design Textile et de l&rsquo;art \u00e0 Bogot\u00e1 &#8211; Colombie ainsi qu&rsquo;en photographie, infographie, graphisme et cr\u00e9ation de sites internet \u00e0 Paris. Je vis \u00e0 Paris depuis 2011.<span class=\"Apple-converted-space\">\u00a0<\/span><\/b><\/p><p><b>Auto-entrepreneuse de ma propre marque de v\u00eatements, orient\u00e9 vers la cr\u00e9ation \u00e9co-responsable, la r\u00e9cup\u00e9ration et la r\u00e9interpr\u00e9tation de mati\u00e8res dans le cadre de l&rsquo;\u00e9conomie circulaire.\u00a0<\/b><b>Exp\u00e9rience et capacit\u00e9 strat\u00e9gique dans les domaines de la communication, la logistique et la planification d&rsquo;\u00e9v\u00e9nements culturels et artistiques locaux. <\/b><\/p><p>Charg\u00e9e de l&rsquo;atelier de serigraphie \u00e0 VM et d&rsquo;une partie de la communication de l&rsquo;asso.<\/p>\t\t\t\t\t\t\t\t<\/div>\n\t\t\t\t<\/div>\n\t\t\t\t\t<\/div>\n\t\t\t\t<\/div>\n\t\t<div class=\"elementor-element elementor-element-feb89b2 e-flex e-con-boxed e-con e-parent\" data-id=\"feb89b2\" data-element_type=\"container\" data-e-type=\"container\">\n\t\t\t\t\t<div class=\"e-con-inner\">\n\t\t\t\t<div class=\"elementor-element elementor-element-fe8b571 elementor-widget elementor-widget-spacer\" data-id=\"fe8b571\" data-element_type=\"widget\" data-e-type=\"widget\" data-widget_type=\"spacer.default\">\n\t\t\t\t<div class=\"elementor-widget-container\">\n\t\t\t\t\t\t\t<div class=\"elementor-spacer\">\n\t\t\t<div class=\"elementor-spacer-inner\"><\/div>\n\t\t<\/div>\n\t\t\t\t\t\t<\/div>\n\t\t\t\t<\/div>\n\t\t\t\t\t<\/div>\n\t\t\t\t<\/div>\n\t\t<div class=\"elementor-element elementor-element-95c1d44 e-flex e-con-boxed e-con e-parent\" data-id=\"95c1d44\" data-element_type=\"container\" data-e-type=\"container\">\n\t\t\t\t\t<div class=\"e-con-inner\">\n\t\t\t\t<div class=\"elementor-element elementor-element-6c40e56 elementor-widget elementor-widget-image\" data-id=\"6c40e56\" data-element_type=\"widget\" data-e-type=\"widget\" data-widget_type=\"image.default\">\n\t\t\t\t<div class=\"elementor-widget-container\">\n\t\t\t\t\t\t\t\t\t\t\t\t\t\t\t<img loading=\"lazy\" decoding=\"async\" width=\"1024\" height=\"682\" src=\"https:\/\/voixmachine.com\/wp-content\/uploads\/2024\/02\/Deb-paysage-1024x682.jpg\" class=\"attachment-large size-large wp-image-6718\" alt=\"\" srcset=\"https:\/\/voixmachine.com\/wp-content\/uploads\/2024\/02\/Deb-paysage-1024x682.jpg 1024w, https:\/\/voixmachine.com\/wp-content\/uploads\/2024\/02\/Deb-paysage-300x200.jpg 300w, https:\/\/voixmachine.com\/wp-content\/uploads\/2024\/02\/Deb-paysage-768x512.jpg 768w, https:\/\/voixmachine.com\/wp-content\/uploads\/2024\/02\/Deb-paysage.jpg 1106w\" sizes=\"(max-width: 1024px) 100vw, 1024px\" \/>\t\t\t\t\t\t\t\t\t\t\t\t\t\t\t<\/div>\n\t\t\t\t<\/div>\n\t\t\t\t\t<\/div>\n\t\t\t\t<\/div>\n\t\t<div class=\"elementor-element elementor-element-30d0183 e-flex e-con-boxed e-con e-parent\" data-id=\"30d0183\" data-element_type=\"container\" data-e-type=\"container\">\n\t\t\t\t\t<div class=\"e-con-inner\">\n\t\t\t\t<div class=\"elementor-element elementor-element-97771fc elementor-widget elementor-widget-text-editor\" data-id=\"97771fc\" data-element_type=\"widget\" data-e-type=\"widget\" data-widget_type=\"text-editor.default\">\n\t\t\t\t<div class=\"elementor-widget-container\">\n\t\t\t\t\t\t\t\t\t<h2 style=\"text-align: right;\"><strong>D\u00e9borah LEPAGE<\/strong><\/h2><p>Archiviste\/documentaliste de radio.\u00a0Charg\u00e9e de production pour le spectacle de rue <i><strong>Moi, personne ne m&rsquo;a jamais trait\u00e9 de sale Chilien<\/strong>. <\/i>Occasionnellement barmaid pour les \u00e9v\u00e9nements de Voix Machine<\/p>\t\t\t\t\t\t\t\t<\/div>\n\t\t\t\t<\/div>\n\t\t\t\t\t<\/div>\n\t\t\t\t<\/div>\n\t\t<div class=\"elementor-element elementor-element-93813bd e-flex e-con-boxed e-con e-parent\" data-id=\"93813bd\" data-element_type=\"container\" data-e-type=\"container\">\n\t\t\t\t\t<div class=\"e-con-inner\">\n\t\t\t\t<div class=\"elementor-element elementor-element-02482b5 elementor-widget elementor-widget-spacer\" data-id=\"02482b5\" data-element_type=\"widget\" data-e-type=\"widget\" data-widget_type=\"spacer.default\">\n\t\t\t\t<div class=\"elementor-widget-container\">\n\t\t\t\t\t\t\t<div class=\"elementor-spacer\">\n\t\t\t<div class=\"elementor-spacer-inner\"><\/div>\n\t\t<\/div>\n\t\t\t\t\t\t<\/div>\n\t\t\t\t<\/div>\n\t\t\t\t\t<\/div>\n\t\t\t\t<\/div>\n\t\t<div class=\"elementor-element elementor-element-a6f606e e-flex e-con-boxed e-con e-parent\" data-id=\"a6f606e\" data-element_type=\"container\" data-e-type=\"container\">\n\t\t\t\t\t<div class=\"e-con-inner\">\n\t\t\t\t<div class=\"elementor-element elementor-element-14a5fc2 elementor-widget elementor-widget-image\" data-id=\"14a5fc2\" data-element_type=\"widget\" data-e-type=\"widget\" data-widget_type=\"image.default\">\n\t\t\t\t<div class=\"elementor-widget-container\">\n\t\t\t\t\t\t\t\t\t\t\t\t\t\t\t<img loading=\"lazy\" decoding=\"async\" width=\"1024\" height=\"683\" src=\"https:\/\/voixmachine.com\/wp-content\/uploads\/2024\/02\/Mamadou-72dpi-1024x683.jpg\" class=\"attachment-large size-large wp-image-6772\" alt=\"\" srcset=\"https:\/\/voixmachine.com\/wp-content\/uploads\/2024\/02\/Mamadou-72dpi-1024x683.jpg 1024w, https:\/\/voixmachine.com\/wp-content\/uploads\/2024\/02\/Mamadou-72dpi-300x200.jpg 300w, https:\/\/voixmachine.com\/wp-content\/uploads\/2024\/02\/Mamadou-72dpi-768x512.jpg 768w, https:\/\/voixmachine.com\/wp-content\/uploads\/2024\/02\/Mamadou-72dpi-1536x1024.jpg 1536w, https:\/\/voixmachine.com\/wp-content\/uploads\/2024\/02\/Mamadou-72dpi-2048x1365.jpg 2048w\" sizes=\"(max-width: 1024px) 100vw, 1024px\" \/>\t\t\t\t\t\t\t\t\t\t\t\t\t\t\t<\/div>\n\t\t\t\t<\/div>\n\t\t\t\t\t<\/div>\n\t\t\t\t<\/div>\n\t\t<div class=\"elementor-element elementor-element-87b4334 e-flex e-con-boxed e-con e-parent\" data-id=\"87b4334\" data-element_type=\"container\" data-e-type=\"container\">\n\t\t\t\t\t<div class=\"e-con-inner\">\n\t\t\t\t<div class=\"elementor-element elementor-element-3fc8b1a elementor-widget elementor-widget-text-editor\" data-id=\"3fc8b1a\" data-element_type=\"widget\" data-e-type=\"widget\" data-widget_type=\"text-editor.default\">\n\t\t\t\t<div class=\"elementor-widget-container\">\n\t\t\t\t\t\t\t\t\t<h2><strong>Mamadou Tounkara<\/strong><\/h2><p style=\"font-weight: 400;\"><strong>Jeune artiste malien, originaire de la r\u00e9gion de Kayes, cercle de Kita. Mamadou Tounkara est n\u00e9 et a grandi \u00e0 Bamako. Il a \u00e9t\u00e9 accompagn\u00e9 pendant son apprentissage par l\u2019\u00e9quipe de TIM ART au Mali. Il est arriv\u00e9 en France en 2017 dans l\u2019id\u00e9e de continuer ses \u00e9tudes dans le domaine de la cr\u00e9ation.<\/strong><\/p><p style=\"font-weight: 400;\"><strong>Il habite \u00e0 Montreuil, dans le quartier des Grands p\u00eachers et travaille \u00e0 Fontenay-sous-Bois pour le collectif Voix Machine. Dans son travail il interroge la place de l\u2019a\u00een\u00e9 dans la famille.<\/strong><\/p><p style=\"font-weight: 400;\"><strong>\u00ab\u00a0Je me consid\u00e8re comme le successeur de mon p\u00e8re. Par cons\u00e9quent je me sacrifie pour le bonheur de ma famille et le besoin de mes fr\u00e8res\u00a0 et s\u0153urs\u00a0\u00bb<\/strong><\/p><p style=\"font-weight: 400;\"><strong>\u00ab\u00a0J\u2019utilise plusieurs techniques: le collage, la peinture , le grattage et le tissage qui me rappelle d\u2019o\u00f9 je viens. Je r\u00e9colte tout ce\u00a0 qui m\u2019interpelle dans mon entourage comme des chaussures, des tickets de m\u00e9tro, des emballages en papier ou en plastiques , des sacs de course et plein d\u2019autres choses encore&#8230; afin de creuser\u00a0 les intersections entre les traditions et les subjectifs, entre la famille et le politique.\u00a0\u00bb<\/strong><\/p>\t\t\t\t\t\t\t\t<\/div>\n\t\t\t\t<\/div>\n\t\t\t\t\t<\/div>\n\t\t\t\t<\/div>\n\t\t<div class=\"elementor-element elementor-element-95cffc2 e-flex e-con-boxed e-con e-parent\" data-id=\"95cffc2\" data-element_type=\"container\" data-e-type=\"container\">\n\t\t\t\t\t<div class=\"e-con-inner\">\n\t\t\t\t<div class=\"elementor-element elementor-element-c561c87 elementor-widget elementor-widget-spacer\" data-id=\"c561c87\" data-element_type=\"widget\" data-e-type=\"widget\" data-widget_type=\"spacer.default\">\n\t\t\t\t<div class=\"elementor-widget-container\">\n\t\t\t\t\t\t\t<div class=\"elementor-spacer\">\n\t\t\t<div class=\"elementor-spacer-inner\"><\/div>\n\t\t<\/div>\n\t\t\t\t\t\t<\/div>\n\t\t\t\t<\/div>\n\t\t\t\t\t<\/div>\n\t\t\t\t<\/div>\n\t\t\t\t<\/div>\n\t\t","protected":false},"excerpt":{"rendered":"<p>L&rsquo;\u00c9QUIPE Andr\u00e9s MONTALVAN\u00a0 Artiste cubain, est dipl\u00f4m\u00e9 de l\u2019acad\u00e9mie des Beaux-Arts de San Alejandro, en sculpture et dessin en 1985 et Il a \u00e9galement \u00e9tudi\u00e9 \u00e0 l&rsquo;Instituto Superior de Arte (ISA) \u00e0 Cuba. a travaill\u00e9 comme professeur de dessin et de sculpture dans des \u00e9coles d&rsquo;art \u00e0 Cuba et a pr\u00e9sent\u00e9 son travail dans des [&hellip;]<\/p>\n","protected":false},"author":1,"featured_media":0,"parent":0,"menu_order":0,"comment_status":"closed","ping_status":"closed","template":"","meta":{"footnotes":""},"class_list":["post-64","page","type-page","status-publish","hentry"],"_links":{"self":[{"href":"https:\/\/voixmachine.com\/index.php?rest_route=\/wp\/v2\/pages\/64","targetHints":{"allow":["GET"]}}],"collection":[{"href":"https:\/\/voixmachine.com\/index.php?rest_route=\/wp\/v2\/pages"}],"about":[{"href":"https:\/\/voixmachine.com\/index.php?rest_route=\/wp\/v2\/types\/page"}],"author":[{"embeddable":true,"href":"https:\/\/voixmachine.com\/index.php?rest_route=\/wp\/v2\/users\/1"}],"replies":[{"embeddable":true,"href":"https:\/\/voixmachine.com\/index.php?rest_route=%2Fwp%2Fv2%2Fcomments&post=64"}],"version-history":[{"count":213,"href":"https:\/\/voixmachine.com\/index.php?rest_route=\/wp\/v2\/pages\/64\/revisions"}],"predecessor-version":[{"id":7079,"href":"https:\/\/voixmachine.com\/index.php?rest_route=\/wp\/v2\/pages\/64\/revisions\/7079"}],"wp:attachment":[{"href":"https:\/\/voixmachine.com\/index.php?rest_route=%2Fwp%2Fv2%2Fmedia&parent=64"}],"curies":[{"name":"wp","href":"https:\/\/api.w.org\/{rel}","templated":true}]}}